{"id":2,"date":"2008-07-29T16:23:57","date_gmt":"2008-07-29T14:23:57","guid":{"rendered":"http:\/\/renee.mmrakk.net\/?page_id=2"},"modified":"2008-07-29T16:34:55","modified_gmt":"2008-07-29T14:34:55","slug":"o-webu","status":"publish","type":"page","link":"https:\/\/renee.mmrakk.net\/?page_id=2","title":{"rendered":"O mn\u011b"},"content":{"rendered":"<p>Jmenuji se Ren\u00e9e Kov\u00e1\u0159ov\u00e1, narodila jsem se v \u010dtvrtek 3. \u010dervence 2008, v\u00e1hov\u00e1 kategorie novorezenec 3580g, v\u00fd\u0161ka 50cm. Jsem rozko\u0161n\u00e1 :o)<\/p>\n","protected":false},"excerpt":{"rendered":"<p>Jmenuji se Ren\u00e9e Kov\u00e1\u0159ov\u00e1, narodila jsem se v \u010dtvrtek 3. \u010dervence 2008, v\u00e1hov\u00e1 kategorie novorezenec 3580g, v\u00fd\u0161ka 50cm. Jsem rozko\u0161n\u00e1 :o)<\/p>\n","protected":false},"author":1,"featured_media":0,"parent":0,"menu_order":0,"comment_status":"open","ping_status":"open","template":"","meta":[],"_links":{"self":[{"href":"https:\/\/renee.mmrakk.net\/index.php?rest_route=\/wp\/v2\/pages\/2"}],"collection":[{"href":"https:\/\/renee.mmrakk.net\/index.php?rest_route=\/wp\/v2\/pages"}],"about":[{"href":"https:\/\/renee.mmrakk.net\/index.php?rest_route=\/wp\/v2\/types\/page"}],"author":[{"embeddable":true,"href":"https:\/\/renee.mmrakk.net\/index.php?rest_route=\/wp\/v2\/users\/1"}],"replies":[{"embeddable":true,"href":"https:\/\/renee.mmrakk.net\/index.php?rest_route=%2Fwp%2Fv2%2Fcomments&post=2"}],"version-history":[{"count":1,"href":"https:\/\/renee.mmrakk.net\/index.php?rest_route=\/wp\/v2\/pages\/2\/revisions"}],"predecessor-version":[{"id":4,"href":"https:\/\/renee.mmrakk.net\/index.php?rest_route=\/wp\/v2\/pages\/2\/revisions\/4"}],"wp:attachment":[{"href":"https:\/\/renee.mmrakk.net\/index.php?rest_route=%2Fwp%2Fv2%2Fmedia&parent=2"}],"curies":[{"name":"wp","href":"https:\/\/api.w.org\/{rel}","templated":true}]}}